{"id":2,"date":"2013-11-20T09:51:38","date_gmt":"2013-11-20T09:51:38","guid":{"rendered":"http:\/\/mbr-vulkaneifel.de\/?page_id=2"},"modified":"2024-08-02T13:51:36","modified_gmt":"2024-08-02T11:51:36","slug":"beispiel-seite","status":"publish","type":"page","link":"https:\/\/mbr-vulkaneifel.de\/","title":{"rendered":"\u2022 Startseite"},"content":{"rendered":"<h2><span style=\"font-size: x-large; font-family: verdana, geneva;\">Herzlich Willkommen beim MBR Vulkaneifel Daun e.V. und der MBR Agrar-Service Daun GmbH<\/span><\/h2>\n<p><span style=\"font-family: verdana, geneva;\">Mit rd. 460 Mitgliedern im Landkreis Vulkaneifel und dem Kreis Cochem-Zell sowie Teilen aus dem benachbarten<\/span><br \/>\n<span style=\"font-family: verdana, geneva;\"> Nordrhein-Westfalen sind wir ein leistungsstarker und kompetenter Partner in der Landwirtschaft.<\/span><\/p>\n<p><span style=\"font-family: verdana, geneva;\">Mit einem modernen Maschinenpark sowie einer gut organisierten Betriebshilfe sind wir in der Lage, Sie in Arbeitsspitzen, krankheits- oder urlaubsbedingten Ausf\u00e4llen tatkr\u00e4ftig zu unterst\u00fctzen.<\/span><\/p>\n<p><span style=\"font-family: verdana, geneva;\">Mit der MBR Agrar-Service Daun GmbH sind wir f\u00fcr Kommunen und Gewerbebetriebe ein kompetenter Ansprechpartner, z.B. mit unseren zwei leistungsstarken Schreddern zum Zerkleinern von Gr\u00fcnschnitt und holzigem Material.<\/span><\/p>\n<hr \/>\n<p><em><span style=\"text-decoration: underline; font-size: 18pt;\"><strong><span style=\"color: #ff0000; text-decoration: underline;\">Wir suchen Verst\u00e4rkung ab sofort!!!<\/span><\/strong><\/span><\/em><\/p>\n<p>Lesen sie hier mehr zur <a href=\"https:\/\/mbr-vulkaneifel.de\/wp-content\/uploads\/2024\/08\/Stellenanzeige_Kaufmaennische-Assistenz.pdf\">Stellenanzeige<\/a><\/p>\n<p style=\"margin: 0cm;\">Wir freuen uns \u00fcber Ihre Bewerbung<\/p>\n<p style=\"margin: 0cm;\">MBR Vulkaneifel Daun e.V.<\/p>\n<hr \/>\n<div><\/div>\n<div><img decoding=\"async\" loading=\"lazy\" class=\"wp-image-466 size-large aligncenter\" src=\"https:\/\/mbr-vulkaneifel.de\/wp-content\/uploads\/2019\/06\/180315_Jungheinrich_Gabelstapler_Werbemittelpaket_Signatur-1024x321.png\" alt=\"\" width=\"640\" height=\"201\" srcset=\"https:\/\/mbr-vulkaneifel.de\/wp-content\/uploads\/2019\/06\/180315_Jungheinrich_Gabelstapler_Werbemittelpaket_Signatur-1024x321.png 1024w, https:\/\/mbr-vulkaneifel.de\/wp-content\/uploads\/2019\/06\/180315_Jungheinrich_Gabelstapler_Werbemittelpaket_Signatur-300x94.png 300w, https:\/\/mbr-vulkaneifel.de\/wp-content\/uploads\/2019\/06\/180315_Jungheinrich_Gabelstapler_Werbemittelpaket_Signatur-768x241.png 768w, https:\/\/mbr-vulkaneifel.de\/wp-content\/uploads\/2019\/06\/180315_Jungheinrich_Gabelstapler_Werbemittelpaket_Signatur-150x47.png 150w, https:\/\/mbr-vulkaneifel.de\/wp-content\/uploads\/2019\/06\/180315_Jungheinrich_Gabelstapler_Werbemittelpaket_Signatur-400x125.png 400w, https:\/\/mbr-vulkaneifel.de\/wp-content\/uploads\/2019\/06\/180315_Jungheinrich_Gabelstapler_Werbemittelpaket_Signatur.png 1506w\" sizes=\"(max-width: 640px) 100vw, 640px\" \/><\/div>\n","protected":false},"excerpt":{"rendered":"<p>Herzlich Willkommen beim MBR Vulkaneifel Daun e.V. und der MBR Agrar-Service Daun GmbH <\/p>\n<p>Mit rd. 460 Mitgliedern im Landkreis Vulkaneifel und dem Kreis Cochem-Zell sowie Teilen aus dem benachbarten Nordrhein-Westfalen sind wir ein leistungsstarker und kompetenter Partner in der Landwirtschaft.<\/p>\n<p>Mit einem modernen Maschinenpark sowie einer gut organisierten Betriebshilfe sind wir in der Lage, Sie [&#8230;]<\/p>\n","protected":false},"author":1,"featured_media":0,"parent":0,"menu_order":100,"comment_status":"open","ping_status":"open","template":"","meta":[],"_links":{"self":[{"href":"https:\/\/mbr-vulkaneifel.de\/index.php?rest_route=\/wp\/v2\/pages\/2"}],"collection":[{"href":"https:\/\/mbr-vulkaneifel.de\/index.php?rest_route=\/wp\/v2\/pages"}],"about":[{"href":"https:\/\/mbr-vulkaneifel.de\/index.php?rest_route=\/wp\/v2\/types\/page"}],"author":[{"embeddable":true,"href":"https:\/\/mbr-vulkaneifel.de\/index.php?rest_route=\/wp\/v2\/users\/1"}],"replies":[{"embeddable":true,"href":"https:\/\/mbr-vulkaneifel.de\/index.php?rest_route=%2Fwp%2Fv2%2Fcomments&post=2"}],"version-history":[{"count":111,"href":"https:\/\/mbr-vulkaneifel.de\/index.php?rest_route=\/wp\/v2\/pages\/2\/revisions"}],"predecessor-version":[{"id":573,"href":"https:\/\/mbr-vulkaneifel.de\/index.php?rest_route=\/wp\/v2\/pages\/2\/revisions\/573"}],"wp:attachment":[{"href":"https:\/\/mbr-vulkaneifel.de\/index.php?rest_route=%2Fwp%2Fv2%2Fmedia&parent=2"}],"curies":[{"name":"wp","href":"https:\/\/api.w.org\/{rel}","templated":true}]}}